{"id":2537,"date":"2022-04-14T16:48:01","date_gmt":"2022-04-14T14:48:01","guid":{"rendered":"http:\/\/stanstead.ca\/mrc-memphremagog\/"},"modified":"2022-04-28T19:29:51","modified_gmt":"2022-04-28T17:29:51","slug":"mrc-memphremagog","status":"publish","type":"page","link":"https:\/\/dev.stanstead.ca\/en\/mrc-memphremagog\/","title":{"rendered":"MRC Memphremagog"},"content":{"rendered":"\n<div class=\"wp-block-media-text alignwide is-stacked-on-mobile\"><figure class=\"wp-block-media-text__media\"><img fetchpriority=\"high\" decoding=\"async\" width=\"1024\" height=\"692\" src=\"http:\/\/stanstead.ca\/wp-content\/uploads\/2022\/04\/MRC-Memphre\u0301magog-1024x692.png\" alt=\"\" class=\"wp-image-1712 size-full\" srcset=\"https:\/\/dev.stanstead.ca\/wp-content\/uploads\/2022\/04\/MRC-Memphre\u0301magog-1024x692.png 1024w, https:\/\/dev.stanstead.ca\/wp-content\/uploads\/2022\/04\/MRC-Memphre\u0301magog-300x203.png 300w, https:\/\/dev.stanstead.ca\/wp-content\/uploads\/2022\/04\/MRC-Memphre\u0301magog-768x519.png 768w, https:\/\/dev.stanstead.ca\/wp-content\/uploads\/2022\/04\/MRC-Memphre\u0301magog.png 1158w\" sizes=\"(max-width: 1024px) 100vw, 1024px\" \/><\/figure><div class=\"wp-block-media-text__content\">\n<p class=\"has-medium-font-size\">The Memphremagog MRC was founded on January 1, 1982. It is administered by its council, composed of the 17 mayors of each municipality within its territory.<\/p>\n<\/div><\/div>\n\n<h2 class=\"wp-block-heading\">Competency<\/h2>\n\n<p>According to current legislation, the Regional Municipal County (MRC) is required to undertake the following responsibilities:<\/p>\n\n<ul class=\"wp-block-list\"><li>Create and maintain land development plan and applicable development within the territory (including the creation of a strategic vision for economic, social, cultural and environmental development);<\/li><li>Ensure that urban planning schema and by-laws in local municipalities are in conformity to the land development plan;<\/li><li>Examine the opportunity to perform certain public works projects as relating to the land development plan or complimentary documents;<\/li><li>Prepare property assessment roles for municipalities governed by the Municipal Code;<\/li><li>Proceed with the sale of property for default of payment (for municipalities governed by the Municipal Code);<\/li><li>Manage waterways within the jurisdiction;<\/li><li>Plan residual materials management;<\/li><li>Plan fire security (ifier la protection contre les incendies (fire risk cover plan);<\/li><li>Ensure the creation and availability of financing for economic development;<\/li><li>Conclude agreements with the S\u00fbret\u00e9 du Qu\u00e9bec.<\/li><\/ul>\n\n<h3 class=\"wp-block-heading\"><strong>MRC Administration<\/strong><\/h3>\n\n<p>MRC\u2019s are generally administered by a board composed of mayors from each of the municipalities creating the MRC as well as other representatives mentioned in the constitution decree.<\/p>\n\n<h3 class=\"wp-block-heading\">Prefect<\/h3>\n\n<p>The prefect presides the MRC council as well as its council meetings. This person is elected by secret ballot among mayoral council members. The mandate of prefect is two years. The person elected remains in position until a new prefect is elected.<\/p>\n\n<h3 class=\"wp-block-heading\">Alternate Prefect<\/h3>\n\n<p>The council also names an alternate prefect among its members who will take over the functions in the case the prefect is absent or the position is vacant. The alternate prefect is chosen by the mayors.<\/p>\n\n<h3 class=\"wp-block-heading\">MRC Sources of Financing<\/h3>\n\n<p>The sources of funding for regional county municipalities are twofold:<\/p>\n\n<ul class=\"wp-block-list\"><li>Co-payments established by the regional county municipality and paid by the member local municipalities;<\/li><li>Grants from the Quebec government.<\/li><\/ul>\n\n<p>The Memphr\u00e9magog RCM, located at the western limit of the Estrie administrative region, ensures the link between this region and the Mont\u00e9r\u00e9gie. The MRC borders the United States for 35 km and covers the territory of 17 municipalities representing 1323 km\u00b2.<\/p>\n\n<figure class=\"wp-block-image size-large\"><img decoding=\"async\" width=\"1024\" height=\"914\" src=\"http:\/\/stanstead.ca\/wp-content\/uploads\/2022\/04\/0001-2-1024x914.jpg\" alt=\"\" class=\"wp-image-1716\" srcset=\"https:\/\/dev.stanstead.ca\/wp-content\/uploads\/2022\/04\/0001-2-1024x914.jpg 1024w, https:\/\/dev.stanstead.ca\/wp-content\/uploads\/2022\/04\/0001-2-300x268.jpg 300w, https:\/\/dev.stanstead.ca\/wp-content\/uploads\/2022\/04\/0001-2-768x686.jpg 768w, https:\/\/dev.stanstead.ca\/wp-content\/uploads\/2022\/04\/0001-2-1536x1372.jpg 1536w, https:\/\/dev.stanstead.ca\/wp-content\/uploads\/2022\/04\/0001-2-2048x1829.jpg 2048w\" sizes=\"(max-width: 1024px) 100vw, 1024px\" \/><\/figure>\n","protected":false},"excerpt":{"rendered":"<p>The Memphremagog MRC was founded on January 1, 1982. It is administered by its council, composed of the 17 mayors of each municipality within its territory. Competency According to current [&hellip;]<\/p>\n","protected":false},"author":2,"featured_media":0,"parent":0,"menu_order":0,"comment_status":"closed","ping_status":"closed","template":"","meta":{"_acf_changed":false,"inline_featured_image":false,"footnotes":""},"tags":[],"class_list":["post-2537","page","type-page","status-publish","hentry"],"acf":[],"_links":{"self":[{"href":"https:\/\/dev.stanstead.ca\/en\/wp-json\/wp\/v2\/pages\/2537","targetHints":{"allow":["GET"]}}],"collection":[{"href":"https:\/\/dev.stanstead.ca\/en\/wp-json\/wp\/v2\/pages"}],"about":[{"href":"https:\/\/dev.stanstead.ca\/en\/wp-json\/wp\/v2\/types\/page"}],"author":[{"embeddable":true,"href":"https:\/\/dev.stanstead.ca\/en\/wp-json\/wp\/v2\/users\/2"}],"replies":[{"embeddable":true,"href":"https:\/\/dev.stanstead.ca\/en\/wp-json\/wp\/v2\/comments?post=2537"}],"version-history":[{"count":0,"href":"https:\/\/dev.stanstead.ca\/en\/wp-json\/wp\/v2\/pages\/2537\/revisions"}],"wp:attachment":[{"href":"https:\/\/dev.stanstead.ca\/en\/wp-json\/wp\/v2\/media?parent=2537"}],"wp:term":[{"taxonomy":"post_tag","embeddable":true,"href":"https:\/\/dev.stanstead.ca\/en\/wp-json\/wp\/v2\/tags?post=2537"}],"curies":[{"name":"wp","href":"https:\/\/api.w.org\/{rel}","templated":true}]}}